{"id":5677,"date":"2024-01-04T03:58:33","date_gmt":"2024-01-04T03:58:33","guid":{"rendered":"https:\/\/viveirofrutimudas.com.br\/site\/?page_id=5677"},"modified":"2024-01-04T12:52:13","modified_gmt":"2024-01-04T12:52:13","slug":"paisagismo","status":"publish","type":"page","link":"https:\/\/viveirofrutimudas.com.br\/site\/?page_id=5677","title":{"rendered":"Paisagismo"},"content":{"rendered":"\t\t<div data-elementor-type=\"wp-page\" data-elementor-id=\"5677\" class=\"elementor elementor-5677\">\n\t\t\t\t\t\t\t\t\t<section class=\"elementor-section elementor-top-section elementor-element elementor-element-039c6b5 elementor-section-content-middle elementor-section-boxed elementor-section-height-default elementor-section-height-default\" data-id=\"039c6b5\" data-element_type=\"section\" data-settings=\"{&quot;background_background&quot;:&quot;classic&quot;}\">\n\t\t\t\t\t\t\t<div class=\"elementor-background-overlay\"><\/div>\n\t\t\t\t\t\t\t<div class=\"elementor-container elementor-column-gap-default\">\n\t\t\t\t\t<div class=\"elementor-column elementor-col-100 elementor-top-column elementor-element elementor-element-c9f5ab4\" data-id=\"c9f5ab4\" data-element_type=\"column\">\n\t\t\t<div class=\"elementor-widget-wrap elementor-element-populated\">\n\t\t\t\t\t\t\t\t<div class=\"elementor-element elementor-element-b48202f elementor-widget elementor-widget-heading\" data-id=\"b48202f\" data-element_type=\"widget\" data-widget_type=\"heading.default\">\n\t\t\t\t<div class=\"elementor-widget-container\">\n\t\t\t<style>\/*! elementor - v3.7.4 - 31-08-2022 *\/\n.elementor-heading-title{padding:0;margin:0;line-height:1}.elementor-widget-heading .elementor-heading-title[class*=elementor-size-]>a{color:inherit;font-size:inherit;line-height:inherit}.elementor-widget-heading .elementor-heading-title.elementor-size-small{font-size:15px}.elementor-widget-heading .elementor-heading-title.elementor-size-medium{font-size:19px}.elementor-widget-heading .elementor-heading-title.elementor-size-large{font-size:29px}.elementor-widget-heading .elementor-heading-title.elementor-size-xl{font-size:39px}.elementor-widget-heading .elementor-heading-title.elementor-size-xxl{font-size:59px}<\/style><h1 class=\"elementor-heading-title elementor-size-default\">Paisagismo<\/h1>\t\t<\/div>\n\t\t\t\t<\/div>\n\t\t\t\t\t<\/div>\n\t\t<\/div>\n\t\t\t\t\t\t\t<\/div>\n\t\t<\/section>\n\t\t\t\t<section class=\"elementor-section elementor-top-section elementor-element elementor-element-c9fdccc elementor-section-boxed elementor-section-height-default elementor-section-height-default\" data-id=\"c9fdccc\" data-element_type=\"section\" data-settings=\"{&quot;background_background&quot;:&quot;classic&quot;}\">\n\t\t\t\t\t\t<div class=\"elementor-container elementor-column-gap-default\">\n\t\t\t\t\t<div class=\"elementor-column elementor-col-100 elementor-top-column elementor-element elementor-element-ef61007\" data-id=\"ef61007\" data-element_type=\"column\">\n\t\t\t<div class=\"elementor-widget-wrap elementor-element-populated\">\n\t\t\t\t\t\t\t\t<div class=\"elementor-element elementor-element-8c92f35 elementor-widget elementor-widget-image\" data-id=\"8c92f35\" data-element_type=\"widget\" data-widget_type=\"image.default\">\n\t\t\t\t<div class=\"elementor-widget-container\">\n\t\t\t<style>\/*! elementor - v3.7.4 - 31-08-2022 *\/\n.elementor-widget-image{text-align:center}.elementor-widget-image a{display:inline-block}.elementor-widget-image a img[src$=\".svg\"]{width:48px}.elementor-widget-image img{vertical-align:middle;display:inline-block}<\/style>\t\t\t\t\t\t\t\t\t\t\t\t<img loading=\"lazy\" decoding=\"async\" width=\"209\" height=\"90\" src=\"https:\/\/viveirofrutimudas.com.br\/site\/wp-content\/uploads\/2021\/03\/basil-leaf.png\" class=\"attachment-full size-full\" alt=\"\" \/>\t\t\t\t\t\t\t\t\t\t\t\t\t\t\t<\/div>\n\t\t\t\t<\/div>\n\t\t\t\t\t<\/div>\n\t\t<\/div>\n\t\t\t\t\t\t\t<\/div>\n\t\t<\/section>\n\t\t\t\t<section class=\"elementor-section elementor-top-section elementor-element elementor-element-a64a60d elementor-section-height-min-height elementor-section-items-top elementor-section-boxed elementor-section-height-default\" data-id=\"a64a60d\" data-element_type=\"section\" data-settings=\"{&quot;background_background&quot;:&quot;classic&quot;}\">\n\t\t\t\t\t\t<div class=\"elementor-container elementor-column-gap-default\">\n\t\t\t\t\t<div class=\"elementor-column elementor-col-100 elementor-top-column elementor-element elementor-element-a17cfe8\" data-id=\"a17cfe8\" data-element_type=\"column\">\n\t\t\t<div class=\"elementor-widget-wrap elementor-element-populated\">\n\t\t\t\t\t\t\t\t<div class=\"elementor-element elementor-element-70e6111 elementor-widget elementor-widget-heading\" data-id=\"70e6111\" data-element_type=\"widget\" data-widget_type=\"heading.default\">\n\t\t\t\t<div class=\"elementor-widget-container\">\n\t\t\t<h4 class=\"elementor-heading-title elementor-size-default\">Levamos conforto, exclusividade e sustentabilidade em forma de servi\u00e7os de Paisagismo. Este servi\u00e7o proporciona ambientes mais verdes e harm\u00f4nicos, que refletem em pessoas mais saud\u00e1veise produtivas.<\/h4>\t\t<\/div>\n\t\t\t\t<\/div>\n\t\t\t\t<div class=\"elementor-element elementor-element-eb815d6 elementor-widget elementor-widget-heading\" data-id=\"eb815d6\" data-element_type=\"widget\" data-widget_type=\"heading.default\">\n\t\t\t\t<div class=\"elementor-widget-container\">\n\t\t\t<h4 class=\"elementor-heading-title elementor-size-default\">Nosso prop\u00f3sito \u00e9 oferecer a execu\u00e7\u00e3o de servi\u00e7os de paisagismo personalizados, desde a cria\u00e7\u00e3o at\u00e9 a manuten\u00e7\u00e3o cont\u00ednua, de acordo com cada cliente e ambiente.<\/h4>\t\t<\/div>\n\t\t\t\t<\/div>\n\t\t\t\t<div class=\"elementor-element elementor-element-12e64be elementor-widget elementor-widget-heading\" data-id=\"12e64be\" data-element_type=\"widget\" data-widget_type=\"heading.default\">\n\t\t\t\t<div class=\"elementor-widget-container\">\n\t\t\t<h4 class=\"elementor-heading-title elementor-size-default\">Contamos com uma equipe de profissionais altamente qualificados que se destacam pela excel\u00eancia na execu\u00e7\u00e3o dos servi\u00e7os, pela aten\u00e7\u00e3o aos detalhes e pelo compromisso em criar espa\u00e7os \u00fanicos e harmoniosos.<\/h4>\t\t<\/div>\n\t\t\t\t<\/div>\n\t\t\t\t<div class=\"elementor-element elementor-element-399e451 elementor-widget elementor-widget-spacer\" data-id=\"399e451\" data-element_type=\"widget\" data-widget_type=\"spacer.default\">\n\t\t\t\t<div class=\"elementor-widget-container\">\n\t\t\t<style>\/*! elementor - v3.7.4 - 31-08-2022 *\/\n.elementor-column .elementor-spacer-inner{height:var(--spacer-size)}.e-container{--container-widget-width:100%}.e-container>.elementor-widget-spacer{width:var(--container-widget-width,var(--spacer-size));-ms-flex-item-align:stretch;align-self:stretch;-ms-flex-negative:0;flex-shrink:0}.e-container>.elementor-widget-spacer>.elementor-widget-container,.e-container>.elementor-widget-spacer>.elementor-widget-container>.elementor-spacer{height:100%}.e-container>.elementor-widget-spacer>.elementor-widget-container>.elementor-spacer>.elementor-spacer-inner{height:var(--container-widget-height,var(--spacer-size))}<\/style>\t\t<div class=\"elementor-spacer\">\n\t\t\t<div class=\"elementor-spacer-inner\"><\/div>\n\t\t<\/div>\n\t\t\t\t<\/div>\n\t\t\t\t<\/div>\n\t\t\t\t<div class=\"elementor-element elementor-element-4575208 gallery-spacing-custom elementor-widget elementor-widget-image-gallery\" data-id=\"4575208\" data-element_type=\"widget\" data-widget_type=\"image-gallery.default\">\n\t\t\t\t<div class=\"elementor-widget-container\">\n\t\t\t<style>\/*! elementor - v3.7.4 - 31-08-2022 *\/\n.elementor-image-gallery .gallery-item{display:inline-block;text-align:center;vertical-align:top;width:100%;max-width:100%;margin:0 auto}.elementor-image-gallery .gallery-item img{margin:0 auto}.elementor-image-gallery .gallery-item .gallery-caption{margin:0}.elementor-image-gallery figure img{display:block}.elementor-image-gallery figure figcaption{width:100%}.gallery-spacing-custom .elementor-image-gallery .gallery-icon{padding:0}@media (min-width:768px){.elementor-image-gallery .gallery-columns-2 .gallery-item{max-width:50%}.elementor-image-gallery .gallery-columns-3 .gallery-item{max-width:33.33%}.elementor-image-gallery .gallery-columns-4 .gallery-item{max-width:25%}.elementor-image-gallery .gallery-columns-5 .gallery-item{max-width:20%}.elementor-image-gallery .gallery-columns-6 .gallery-item{max-width:16.666%}.elementor-image-gallery .gallery-columns-7 .gallery-item{max-width:14.28%}.elementor-image-gallery .gallery-columns-8 .gallery-item{max-width:12.5%}.elementor-image-gallery .gallery-columns-9 .gallery-item{max-width:11.11%}.elementor-image-gallery .gallery-columns-10 .gallery-item{max-width:10%}}@media (min-width:480px) and (max-width:767px){.elementor-image-gallery .gallery.gallery-columns-2 .gallery-item,.elementor-image-gallery .gallery.gallery-columns-3 .gallery-item,.elementor-image-gallery .gallery.gallery-columns-4 .gallery-item,.elementor-image-gallery .gallery.gallery-columns-5 .gallery-item,.elementor-image-gallery .gallery.gallery-columns-6 .gallery-item,.elementor-image-gallery .gallery.gallery-columns-7 .gallery-item,.elementor-image-gallery .gallery.gallery-columns-8 .gallery-item,.elementor-image-gallery .gallery.gallery-columns-9 .gallery-item,.elementor-image-gallery .gallery.gallery-columns-10 .gallery-item{max-width:50%}}@media (max-width:479px){.elementor-image-gallery .gallery.gallery-columns-2 .gallery-item,.elementor-image-gallery .gallery.gallery-columns-3 .gallery-item,.elementor-image-gallery .gallery.gallery-columns-4 .gallery-item,.elementor-image-gallery .gallery.gallery-columns-5 .gallery-item,.elementor-image-gallery .gallery.gallery-columns-6 .gallery-item,.elementor-image-gallery .gallery.gallery-columns-7 .gallery-item,.elementor-image-gallery .gallery.gallery-columns-8 .gallery-item,.elementor-image-gallery .gallery.gallery-columns-9 .gallery-item,.elementor-image-gallery .gallery.gallery-columns-10 .gallery-item{max-width:100%}}<\/style>\t\t<div class=\"elementor-image-gallery\">\n\t\t\t<div id='gallery-1' class='gallery galleryid-5677 gallery-columns-4 gallery-size-full'><figure class='gallery-item'>\n\t\t\t<div class='gallery-icon landscape'>\n\t\t\t\t<a data-elementor-open-lightbox=\"yes\" data-elementor-lightbox-slideshow=\"4575208\" data-elementor-lightbox-title=\"01\" e-action-hash=\"#elementor-action%3Aaction%3Dlightbox%26settings%3DeyJpZCI6NTY4OCwidXJsIjoiaHR0cHM6XC9cL3ZpdmVpcm9mcnV0aW11ZGFzLmNvbS5iclwvc2l0ZVwvd3AtY29udGVudFwvdXBsb2Fkc1wvMjAyNFwvMDFcLzAxLnBuZyIsInNsaWRlc2hvdyI6IjQ1NzUyMDgifQ%3D%3D\" href='https:\/\/viveirofrutimudas.com.br\/site\/wp-content\/uploads\/2024\/01\/01.png'><img loading=\"lazy\" decoding=\"async\" width=\"500\" height=\"500\" src=\"https:\/\/viveirofrutimudas.com.br\/site\/wp-content\/uploads\/2024\/01\/01.png\" class=\"attachment-full size-full\" alt=\"\" srcset=\"https:\/\/viveirofrutimudas.com.br\/site\/wp-content\/uploads\/2024\/01\/01.png 500w, https:\/\/viveirofrutimudas.com.br\/site\/wp-content\/uploads\/2024\/01\/01-300x300.png 300w, https:\/\/viveirofrutimudas.com.br\/site\/wp-content\/uploads\/2024\/01\/01-150x150.png 150w, https:\/\/viveirofrutimudas.com.br\/site\/wp-content\/uploads\/2024\/01\/01-100x100.png 100w\" sizes=\"auto, (max-width: 500px) 100vw, 500px\" \/><\/a>\n\t\t\t<\/div><\/figure><figure class='gallery-item'>\n\t\t\t<div class='gallery-icon landscape'>\n\t\t\t\t<a data-elementor-open-lightbox=\"yes\" data-elementor-lightbox-slideshow=\"4575208\" data-elementor-lightbox-title=\"02\" e-action-hash=\"#elementor-action%3Aaction%3Dlightbox%26settings%3DeyJpZCI6NTY4NiwidXJsIjoiaHR0cHM6XC9cL3ZpdmVpcm9mcnV0aW11ZGFzLmNvbS5iclwvc2l0ZVwvd3AtY29udGVudFwvdXBsb2Fkc1wvMjAyNFwvMDFcLzAyLnBuZyIsInNsaWRlc2hvdyI6IjQ1NzUyMDgifQ%3D%3D\" href='https:\/\/viveirofrutimudas.com.br\/site\/wp-content\/uploads\/2024\/01\/02.png'><img loading=\"lazy\" decoding=\"async\" width=\"500\" height=\"500\" src=\"https:\/\/viveirofrutimudas.com.br\/site\/wp-content\/uploads\/2024\/01\/02.png\" class=\"attachment-full size-full\" alt=\"\" srcset=\"https:\/\/viveirofrutimudas.com.br\/site\/wp-content\/uploads\/2024\/01\/02.png 500w, https:\/\/viveirofrutimudas.com.br\/site\/wp-content\/uploads\/2024\/01\/02-300x300.png 300w, https:\/\/viveirofrutimudas.com.br\/site\/wp-content\/uploads\/2024\/01\/02-150x150.png 150w, https:\/\/viveirofrutimudas.com.br\/site\/wp-content\/uploads\/2024\/01\/02-100x100.png 100w\" sizes=\"auto, (max-width: 500px) 100vw, 500px\" \/><\/a>\n\t\t\t<\/div><\/figure><figure class='gallery-item'>\n\t\t\t<div class='gallery-icon landscape'>\n\t\t\t\t<a data-elementor-open-lightbox=\"yes\" data-elementor-lightbox-slideshow=\"4575208\" data-elementor-lightbox-title=\"03\" e-action-hash=\"#elementor-action%3Aaction%3Dlightbox%26settings%3DeyJpZCI6NTY5MCwidXJsIjoiaHR0cHM6XC9cL3ZpdmVpcm9mcnV0aW11ZGFzLmNvbS5iclwvc2l0ZVwvd3AtY29udGVudFwvdXBsb2Fkc1wvMjAyNFwvMDFcLzAzLnBuZyIsInNsaWRlc2hvdyI6IjQ1NzUyMDgifQ%3D%3D\" href='https:\/\/viveirofrutimudas.com.br\/site\/wp-content\/uploads\/2024\/01\/03.png'><img loading=\"lazy\" decoding=\"async\" width=\"500\" height=\"500\" src=\"https:\/\/viveirofrutimudas.com.br\/site\/wp-content\/uploads\/2024\/01\/03.png\" class=\"attachment-full size-full\" alt=\"\" srcset=\"https:\/\/viveirofrutimudas.com.br\/site\/wp-content\/uploads\/2024\/01\/03.png 500w, https:\/\/viveirofrutimudas.com.br\/site\/wp-content\/uploads\/2024\/01\/03-300x300.png 300w, https:\/\/viveirofrutimudas.com.br\/site\/wp-content\/uploads\/2024\/01\/03-150x150.png 150w, https:\/\/viveirofrutimudas.com.br\/site\/wp-content\/uploads\/2024\/01\/03-100x100.png 100w\" sizes=\"auto, (max-width: 500px) 100vw, 500px\" \/><\/a>\n\t\t\t<\/div><\/figure><figure class='gallery-item'>\n\t\t\t<div class='gallery-icon landscape'>\n\t\t\t\t<a data-elementor-open-lightbox=\"yes\" data-elementor-lightbox-slideshow=\"4575208\" data-elementor-lightbox-title=\"04\" e-action-hash=\"#elementor-action%3Aaction%3Dlightbox%26settings%3DeyJpZCI6NTY4OSwidXJsIjoiaHR0cHM6XC9cL3ZpdmVpcm9mcnV0aW11ZGFzLmNvbS5iclwvc2l0ZVwvd3AtY29udGVudFwvdXBsb2Fkc1wvMjAyNFwvMDFcLzA0LnBuZyIsInNsaWRlc2hvdyI6IjQ1NzUyMDgifQ%3D%3D\" href='https:\/\/viveirofrutimudas.com.br\/site\/wp-content\/uploads\/2024\/01\/04.png'><img loading=\"lazy\" decoding=\"async\" width=\"500\" height=\"500\" src=\"https:\/\/viveirofrutimudas.com.br\/site\/wp-content\/uploads\/2024\/01\/04.png\" class=\"attachment-full size-full\" alt=\"\" srcset=\"https:\/\/viveirofrutimudas.com.br\/site\/wp-content\/uploads\/2024\/01\/04.png 500w, https:\/\/viveirofrutimudas.com.br\/site\/wp-content\/uploads\/2024\/01\/04-300x300.png 300w, https:\/\/viveirofrutimudas.com.br\/site\/wp-content\/uploads\/2024\/01\/04-150x150.png 150w, https:\/\/viveirofrutimudas.com.br\/site\/wp-content\/uploads\/2024\/01\/04-100x100.png 100w\" sizes=\"auto, (max-width: 500px) 100vw, 500px\" \/><\/a>\n\t\t\t<\/div><\/figure><figure class='gallery-item'>\n\t\t\t<div class='gallery-icon landscape'>\n\t\t\t\t<a data-elementor-open-lightbox=\"yes\" data-elementor-lightbox-slideshow=\"4575208\" data-elementor-lightbox-title=\"05\" e-action-hash=\"#elementor-action%3Aaction%3Dlightbox%26settings%3DeyJpZCI6NTY4NywidXJsIjoiaHR0cHM6XC9cL3ZpdmVpcm9mcnV0aW11ZGFzLmNvbS5iclwvc2l0ZVwvd3AtY29udGVudFwvdXBsb2Fkc1wvMjAyNFwvMDFcLzA1LnBuZyIsInNsaWRlc2hvdyI6IjQ1NzUyMDgifQ%3D%3D\" href='https:\/\/viveirofrutimudas.com.br\/site\/wp-content\/uploads\/2024\/01\/05.png'><img loading=\"lazy\" decoding=\"async\" width=\"500\" height=\"500\" src=\"https:\/\/viveirofrutimudas.com.br\/site\/wp-content\/uploads\/2024\/01\/05.png\" class=\"attachment-full size-full\" alt=\"\" srcset=\"https:\/\/viveirofrutimudas.com.br\/site\/wp-content\/uploads\/2024\/01\/05.png 500w, https:\/\/viveirofrutimudas.com.br\/site\/wp-content\/uploads\/2024\/01\/05-300x300.png 300w, https:\/\/viveirofrutimudas.com.br\/site\/wp-content\/uploads\/2024\/01\/05-150x150.png 150w, https:\/\/viveirofrutimudas.com.br\/site\/wp-content\/uploads\/2024\/01\/05-100x100.png 100w\" sizes=\"auto, (max-width: 500px) 100vw, 500px\" \/><\/a>\n\t\t\t<\/div><\/figure><figure class='gallery-item'>\n\t\t\t<div class='gallery-icon landscape'>\n\t\t\t\t<a data-elementor-open-lightbox=\"yes\" data-elementor-lightbox-slideshow=\"4575208\" data-elementor-lightbox-title=\"06\" e-action-hash=\"#elementor-action%3Aaction%3Dlightbox%26settings%3DeyJpZCI6NTY4MCwidXJsIjoiaHR0cHM6XC9cL3ZpdmVpcm9mcnV0aW11ZGFzLmNvbS5iclwvc2l0ZVwvd3AtY29udGVudFwvdXBsb2Fkc1wvMjAyNFwvMDFcLzA2LnBuZyIsInNsaWRlc2hvdyI6IjQ1NzUyMDgifQ%3D%3D\" href='https:\/\/viveirofrutimudas.com.br\/site\/wp-content\/uploads\/2024\/01\/06.png'><img loading=\"lazy\" decoding=\"async\" width=\"500\" height=\"500\" src=\"https:\/\/viveirofrutimudas.com.br\/site\/wp-content\/uploads\/2024\/01\/06.png\" class=\"attachment-full size-full\" alt=\"\" srcset=\"https:\/\/viveirofrutimudas.com.br\/site\/wp-content\/uploads\/2024\/01\/06.png 500w, https:\/\/viveirofrutimudas.com.br\/site\/wp-content\/uploads\/2024\/01\/06-300x300.png 300w, https:\/\/viveirofrutimudas.com.br\/site\/wp-content\/uploads\/2024\/01\/06-150x150.png 150w, https:\/\/viveirofrutimudas.com.br\/site\/wp-content\/uploads\/2024\/01\/06-100x100.png 100w\" sizes=\"auto, (max-width: 500px) 100vw, 500px\" \/><\/a>\n\t\t\t<\/div><\/figure><figure class='gallery-item'>\n\t\t\t<div class='gallery-icon landscape'>\n\t\t\t\t<a data-elementor-open-lightbox=\"yes\" data-elementor-lightbox-slideshow=\"4575208\" data-elementor-lightbox-title=\"07\" e-action-hash=\"#elementor-action%3Aaction%3Dlightbox%26settings%3DeyJpZCI6NTY4MywidXJsIjoiaHR0cHM6XC9cL3ZpdmVpcm9mcnV0aW11ZGFzLmNvbS5iclwvc2l0ZVwvd3AtY29udGVudFwvdXBsb2Fkc1wvMjAyNFwvMDFcLzA3LnBuZyIsInNsaWRlc2hvdyI6IjQ1NzUyMDgifQ%3D%3D\" href='https:\/\/viveirofrutimudas.com.br\/site\/wp-content\/uploads\/2024\/01\/07.png'><img loading=\"lazy\" decoding=\"async\" width=\"500\" height=\"500\" src=\"https:\/\/viveirofrutimudas.com.br\/site\/wp-content\/uploads\/2024\/01\/07.png\" class=\"attachment-full size-full\" alt=\"\" srcset=\"https:\/\/viveirofrutimudas.com.br\/site\/wp-content\/uploads\/2024\/01\/07.png 500w, https:\/\/viveirofrutimudas.com.br\/site\/wp-content\/uploads\/2024\/01\/07-300x300.png 300w, https:\/\/viveirofrutimudas.com.br\/site\/wp-content\/uploads\/2024\/01\/07-150x150.png 150w, https:\/\/viveirofrutimudas.com.br\/site\/wp-content\/uploads\/2024\/01\/07-100x100.png 100w\" sizes=\"auto, (max-width: 500px) 100vw, 500px\" \/><\/a>\n\t\t\t<\/div><\/figure><figure class='gallery-item'>\n\t\t\t<div class='gallery-icon landscape'>\n\t\t\t\t<a data-elementor-open-lightbox=\"yes\" data-elementor-lightbox-slideshow=\"4575208\" data-elementor-lightbox-title=\"08\" e-action-hash=\"#elementor-action%3Aaction%3Dlightbox%26settings%3DeyJpZCI6NTY4NSwidXJsIjoiaHR0cHM6XC9cL3ZpdmVpcm9mcnV0aW11ZGFzLmNvbS5iclwvc2l0ZVwvd3AtY29udGVudFwvdXBsb2Fkc1wvMjAyNFwvMDFcLzA4LnBuZyIsInNsaWRlc2hvdyI6IjQ1NzUyMDgifQ%3D%3D\" href='https:\/\/viveirofrutimudas.com.br\/site\/wp-content\/uploads\/2024\/01\/08.png'><img loading=\"lazy\" decoding=\"async\" width=\"500\" height=\"500\" src=\"https:\/\/viveirofrutimudas.com.br\/site\/wp-content\/uploads\/2024\/01\/08.png\" class=\"attachment-full size-full\" alt=\"\" srcset=\"https:\/\/viveirofrutimudas.com.br\/site\/wp-content\/uploads\/2024\/01\/08.png 500w, https:\/\/viveirofrutimudas.com.br\/site\/wp-content\/uploads\/2024\/01\/08-300x300.png 300w, https:\/\/viveirofrutimudas.com.br\/site\/wp-content\/uploads\/2024\/01\/08-150x150.png 150w, https:\/\/viveirofrutimudas.com.br\/site\/wp-content\/uploads\/2024\/01\/08-100x100.png 100w\" sizes=\"auto, (max-width: 500px) 100vw, 500px\" \/><\/a>\n\t\t\t<\/div><\/figure><figure class='gallery-item'>\n\t\t\t<div class='gallery-icon landscape'>\n\t\t\t\t<a data-elementor-open-lightbox=\"yes\" data-elementor-lightbox-slideshow=\"4575208\" data-elementor-lightbox-title=\"09\" e-action-hash=\"#elementor-action%3Aaction%3Dlightbox%26settings%3DeyJpZCI6NTY4MiwidXJsIjoiaHR0cHM6XC9cL3ZpdmVpcm9mcnV0aW11ZGFzLmNvbS5iclwvc2l0ZVwvd3AtY29udGVudFwvdXBsb2Fkc1wvMjAyNFwvMDFcLzA5LnBuZyIsInNsaWRlc2hvdyI6IjQ1NzUyMDgifQ%3D%3D\" href='https:\/\/viveirofrutimudas.com.br\/site\/wp-content\/uploads\/2024\/01\/09.png'><img loading=\"lazy\" decoding=\"async\" width=\"500\" height=\"500\" src=\"https:\/\/viveirofrutimudas.com.br\/site\/wp-content\/uploads\/2024\/01\/09.png\" class=\"attachment-full size-full\" alt=\"\" srcset=\"https:\/\/viveirofrutimudas.com.br\/site\/wp-content\/uploads\/2024\/01\/09.png 500w, https:\/\/viveirofrutimudas.com.br\/site\/wp-content\/uploads\/2024\/01\/09-300x300.png 300w, https:\/\/viveirofrutimudas.com.br\/site\/wp-content\/uploads\/2024\/01\/09-150x150.png 150w, https:\/\/viveirofrutimudas.com.br\/site\/wp-content\/uploads\/2024\/01\/09-100x100.png 100w\" sizes=\"auto, (max-width: 500px) 100vw, 500px\" \/><\/a>\n\t\t\t<\/div><\/figure><figure class='gallery-item'>\n\t\t\t<div class='gallery-icon landscape'>\n\t\t\t\t<a data-elementor-open-lightbox=\"yes\" data-elementor-lightbox-slideshow=\"4575208\" data-elementor-lightbox-title=\"10\" e-action-hash=\"#elementor-action%3Aaction%3Dlightbox%26settings%3DeyJpZCI6NTY4MSwidXJsIjoiaHR0cHM6XC9cL3ZpdmVpcm9mcnV0aW11ZGFzLmNvbS5iclwvc2l0ZVwvd3AtY29udGVudFwvdXBsb2Fkc1wvMjAyNFwvMDFcLzEwLnBuZyIsInNsaWRlc2hvdyI6IjQ1NzUyMDgifQ%3D%3D\" href='https:\/\/viveirofrutimudas.com.br\/site\/wp-content\/uploads\/2024\/01\/10.png'><img loading=\"lazy\" decoding=\"async\" width=\"500\" height=\"500\" src=\"https:\/\/viveirofrutimudas.com.br\/site\/wp-content\/uploads\/2024\/01\/10.png\" class=\"attachment-full size-full\" alt=\"\" srcset=\"https:\/\/viveirofrutimudas.com.br\/site\/wp-content\/uploads\/2024\/01\/10.png 500w, https:\/\/viveirofrutimudas.com.br\/site\/wp-content\/uploads\/2024\/01\/10-300x300.png 300w, https:\/\/viveirofrutimudas.com.br\/site\/wp-content\/uploads\/2024\/01\/10-150x150.png 150w, https:\/\/viveirofrutimudas.com.br\/site\/wp-content\/uploads\/2024\/01\/10-100x100.png 100w\" sizes=\"auto, (max-width: 500px) 100vw, 500px\" \/><\/a>\n\t\t\t<\/div><\/figure><figure class='gallery-item'>\n\t\t\t<div class='gallery-icon landscape'>\n\t\t\t\t<a data-elementor-open-lightbox=\"yes\" data-elementor-lightbox-slideshow=\"4575208\" data-elementor-lightbox-title=\"11\" e-action-hash=\"#elementor-action%3Aaction%3Dlightbox%26settings%3DeyJpZCI6NTY4NCwidXJsIjoiaHR0cHM6XC9cL3ZpdmVpcm9mcnV0aW11ZGFzLmNvbS5iclwvc2l0ZVwvd3AtY29udGVudFwvdXBsb2Fkc1wvMjAyNFwvMDFcLzExLnBuZyIsInNsaWRlc2hvdyI6IjQ1NzUyMDgifQ%3D%3D\" href='https:\/\/viveirofrutimudas.com.br\/site\/wp-content\/uploads\/2024\/01\/11.png'><img loading=\"lazy\" decoding=\"async\" width=\"500\" height=\"500\" src=\"https:\/\/viveirofrutimudas.com.br\/site\/wp-content\/uploads\/2024\/01\/11.png\" class=\"attachment-full size-full\" alt=\"\" srcset=\"https:\/\/viveirofrutimudas.com.br\/site\/wp-content\/uploads\/2024\/01\/11.png 500w, https:\/\/viveirofrutimudas.com.br\/site\/wp-content\/uploads\/2024\/01\/11-300x300.png 300w, https:\/\/viveirofrutimudas.com.br\/site\/wp-content\/uploads\/2024\/01\/11-150x150.png 150w, https:\/\/viveirofrutimudas.com.br\/site\/wp-content\/uploads\/2024\/01\/11-100x100.png 100w\" sizes=\"auto, (max-width: 500px) 100vw, 500px\" \/><\/a>\n\t\t\t<\/div><\/figure>\n\t\t<\/div>\n\t\t<\/div>\n\t\t\t\t<\/div>\n\t\t\t\t<\/div>\n\t\t\t\t\t<\/div>\n\t\t<\/div>\n\t\t\t\t\t\t\t<\/div>\n\t\t<\/section>\n\t\t\t\t\t\t\t<\/div>\n\t\t","protected":false},"excerpt":{"rendered":"<p>Paisagismo Levamos conforto, exclusividade e sustentabilidade em forma de servi\u00e7os de Paisagismo. Este servi\u00e7o proporciona ambientes mais verdes e harm\u00f4nicos, que refletem em pessoas mais saud\u00e1veise produtivas. Nosso prop\u00f3sito \u00e9 oferecer a execu\u00e7\u00e3o de servi\u00e7os de paisagismo personalizados, desde a cria\u00e7\u00e3o at\u00e9 a manuten\u00e7\u00e3o cont\u00ednua, de acordo com cada cliente e ambiente. Contamos com uma &hellip;<\/p>\n<p class=\"read-more\"> <a class=\"\" href=\"https:\/\/viveirofrutimudas.com.br\/site\/?page_id=5677\"> <span class=\"screen-reader-text\">Paisagismo<\/span> Leia mais &raquo;<\/a><\/p>\n","protected":false},"author":1,"featured_media":0,"parent":0,"menu_order":0,"comment_status":"closed","ping_status":"closed","template":"elementor_header_footer","meta":{"site-sidebar-layout":"no-sidebar","site-content-layout":"page-builder","ast-global-header-display":"","ast-main-header-display":"","ast-hfb-above-header-display":"","ast-hfb-below-header-display":"","ast-hfb-mobile-header-display":"","site-post-title":"disabled","ast-breadcrumbs-content":"","ast-featured-img":"disabled","footer-sml-layout":"","theme-transparent-header-meta":"default","adv-header-id-meta":"","stick-header-meta":"","header-above-stick-meta":"","header-main-stick-meta":"","header-below-stick-meta":"","footnotes":""},"class_list":["post-5677","page","type-page","status-publish","hentry"],"_links":{"self":[{"href":"https:\/\/viveirofrutimudas.com.br\/site\/index.php?rest_route=\/wp\/v2\/pages\/5677","targetHints":{"allow":["GET"]}}],"collection":[{"href":"https:\/\/viveirofrutimudas.com.br\/site\/index.php?rest_route=\/wp\/v2\/pages"}],"about":[{"href":"https:\/\/viveirofrutimudas.com.br\/site\/index.php?rest_route=\/wp\/v2\/types\/page"}],"author":[{"embeddable":true,"href":"https:\/\/viveirofrutimudas.com.br\/site\/index.php?rest_route=\/wp\/v2\/users\/1"}],"replies":[{"embeddable":true,"href":"https:\/\/viveirofrutimudas.com.br\/site\/index.php?rest_route=%2Fwp%2Fv2%2Fcomments&post=5677"}],"version-history":[{"count":10,"href":"https:\/\/viveirofrutimudas.com.br\/site\/index.php?rest_route=\/wp\/v2\/pages\/5677\/revisions"}],"predecessor-version":[{"id":5701,"href":"https:\/\/viveirofrutimudas.com.br\/site\/index.php?rest_route=\/wp\/v2\/pages\/5677\/revisions\/5701"}],"wp:attachment":[{"href":"https:\/\/viveirofrutimudas.com.br\/site\/index.php?rest_route=%2Fwp%2Fv2%2Fmedia&parent=5677"}],"curies":[{"name":"wp","href":"https:\/\/api.w.org\/{rel}","templated":true}]}}